{"id":28035,"date":"2025-04-01T16:56:45","date_gmt":"2025-04-01T15:56:45","guid":{"rendered":"https:\/\/cbm-homes.com\/tack-for-att-du-kontaktade-oss-2\/"},"modified":"2025-04-01T16:58:25","modified_gmt":"2025-04-01T15:58:25","slug":"tack-for-att-du-kontaktade-oss-2","status":"publish","type":"page","link":"https:\/\/cbm-homes.com\/sv\/tack-for-att-du-kontaktade-oss-2\/","title":{"rendered":"Tack f\u00f6r att du kontaktade oss!"},"content":{"rendered":"\t\t<div data-elementor-type=\"wp-page\" data-elementor-id=\"28035\" class=\"elementor elementor-28035 elementor-28025\">\n\t\t\t\t<div class=\"elementor-element elementor-element-914edfd e-flex e-con-boxed e-con e-parent\" data-id=\"914edfd\" data-element_type=\"container\" data-settings=\"{&quot;background_background&quot;:&quot;classic&quot;}\">\n\t\t\t\t\t<div class=\"e-con-inner\">\n\t\t<div class=\"elementor-element elementor-element-f019d51 e-con-full e-flex e-con e-child\" data-id=\"f019d51\" data-element_type=\"container\">\n\t\t<div class=\"elementor-element elementor-element-e58f41f e-con-full e-flex e-con e-child\" data-id=\"e58f41f\" data-element_type=\"container\">\n\t\t<div class=\"elementor-element elementor-element-c763af3 e-con-full e-flex e-con e-child\" data-id=\"c763af3\" data-element_type=\"container\">\n\t\t\t\t<div class=\"elementor-element elementor-element-4719bec animated-fast elementor-invisible elementor-widget elementor-widget-heading\" data-id=\"4719bec\" data-element_type=\"widget\" data-settings=\"{&quot;_animation&quot;:&quot;fadeInUp&quot;,&quot;_animation_delay&quot;:200}\" data-widget_type=\"heading.default\">\n\t\t\t\t<div class=\"elementor-widget-container\">\n\t\t\t\t\t<h1 class=\"elementor-heading-title elementor-size-default\">Tack f\u00f6r att du kontaktade oss!<\/h1>\t\t\t\t<\/div>\n\t\t\t\t<\/div>\n\t\t\t\t<\/div>\n\t\t<div class=\"elementor-element elementor-element-32101e4 e-con-full e-flex e-con e-child\" data-id=\"32101e4\" data-element_type=\"container\">\n\t\t\t\t<div class=\"elementor-element elementor-element-ed02527 animated-fast elementor-invisible elementor-widget elementor-widget-text-editor\" data-id=\"ed02527\" data-element_type=\"widget\" data-settings=\"{&quot;_animation&quot;:&quot;fadeInUp&quot;,&quot;_animation_delay&quot;:200}\" data-widget_type=\"text-editor.default\">\n\t\t\t\t<div class=\"elementor-widget-container\">\n\t\t\t\t\t\t\t\t\t<p>Vi uppskattar att du h\u00f6r av dig till oss. Din f\u00f6rfr\u00e5gan har tagits emot, och en av v\u00e5ra teammedlemmar kommer att \u00e5terkomma till dig inom kort. <\/p>\n\t\t\t\t\t\t\t\t<\/div>\n\t\t\t\t<\/div>\n\t\t\t\t<\/div>\n\t\t<div class=\"elementor-element elementor-element-4d5f98d e-con-full e-flex e-con e-child\" data-id=\"4d5f98d\" data-element_type=\"container\">\n\t\t\t\t<div class=\"elementor-element elementor-element-fedff55 elementor-widget elementor-widget-image\" data-id=\"fedff55\" data-element_type=\"widget\" data-widget_type=\"image.default\">\n\t\t\t\t<div class=\"elementor-widget-container\">\n\t\t\t\t\t\t\t\t\t\t\t\t\t\t\t<img fetchpriority=\"high\" decoding=\"async\" width=\"300\" height=\"300\" src=\"https:\/\/cbm-homes.com\/wp-content\/uploads\/2025\/04\/leer-300x300.jpg\" class=\"attachment-medium size-medium wp-image-28008\" alt=\"\" srcset=\"https:\/\/cbm-homes.com\/wp-content\/uploads\/2025\/04\/leer-300x300.jpg 300w, https:\/\/cbm-homes.com\/wp-content\/uploads\/2025\/04\/leer-150x150.jpg 150w, https:\/\/cbm-homes.com\/wp-content\/uploads\/2025\/04\/leer-600x600.jpg 600w, https:\/\/cbm-homes.com\/wp-content\/uploads\/2025\/04\/leer-496x496.jpg 496w, https:\/\/cbm-homes.com\/wp-content\/uploads\/2025\/04\/leer.jpg 720w\" sizes=\"(max-width: 300px) 100vw, 300px\" \/>\t\t\t\t\t\t\t\t\t\t\t\t\t\t\t<\/div>\n\t\t\t\t<\/div>\n\t\t\t\t<\/div>\n\t\t\t\t<\/div>\n\t\t\t\t<\/div>\n\t\t\t\t\t<\/div>\n\t\t\t\t<\/div>\n\t\t\t\t<\/div>\n\t\t","protected":false},"excerpt":{"rendered":"<p>Tack f\u00f6r att du kontaktade oss! Vi uppskattar att du h\u00f6r av dig till oss. Din f\u00f6rfr\u00e5gan har tagits emot, och en av v\u00e5ra teammedlemmar kommer att \u00e5terkomma till dig inom kort.<\/p>\n","protected":false},"author":1,"featured_media":28011,"parent":0,"menu_order":0,"comment_status":"closed","ping_status":"closed","template":"template\/template-homepage.php","meta":{"footnotes":""},"class_list":["post-28035","page","type-page","status-publish","has-post-thumbnail","hentry"],"_links":{"self":[{"href":"https:\/\/cbm-homes.com\/sv\/wp-json\/wp\/v2\/pages\/28035","targetHints":{"allow":["GET"]}}],"collection":[{"href":"https:\/\/cbm-homes.com\/sv\/wp-json\/wp\/v2\/pages"}],"about":[{"href":"https:\/\/cbm-homes.com\/sv\/wp-json\/wp\/v2\/types\/page"}],"author":[{"embeddable":true,"href":"https:\/\/cbm-homes.com\/sv\/wp-json\/wp\/v2\/users\/1"}],"replies":[{"embeddable":true,"href":"https:\/\/cbm-homes.com\/sv\/wp-json\/wp\/v2\/comments?post=28035"}],"version-history":[{"count":0,"href":"https:\/\/cbm-homes.com\/sv\/wp-json\/wp\/v2\/pages\/28035\/revisions"}],"wp:featuredmedia":[{"embeddable":true,"href":"https:\/\/cbm-homes.com\/sv\/wp-json\/wp\/v2\/media\/28011"}],"wp:attachment":[{"href":"https:\/\/cbm-homes.com\/sv\/wp-json\/wp\/v2\/media?parent=28035"}],"curies":[{"name":"wp","href":"https:\/\/api.w.org\/{rel}","templated":true}]}}