{"id":26896,"date":"2016-03-10T18:51:46","date_gmt":"2016-03-10T17:51:46","guid":{"rendered":"https:\/\/cbm-homes.com\/?page_id=26896"},"modified":"2025-02-18T16:19:06","modified_gmt":"2025-02-18T15:19:06","slug":"villkor-och-bestammelser","status":"publish","type":"page","link":"https:\/\/cbm-homes.com\/sv\/villkor-och-bestammelser\/","title":{"rendered":"Villkor och best\u00e4mmelser"},"content":{"rendered":"\t\t<div data-elementor-type=\"wp-page\" data-elementor-id=\"26896\" class=\"elementor elementor-26896 elementor-745\">\n\t\t\t\t<div class=\"elementor-element elementor-element-8d7b001 e-flex e-con-boxed e-con e-parent\" data-id=\"8d7b001\" data-element_type=\"container\">\n\t\t\t\t\t<div class=\"e-con-inner\">\n\t\t\t\t<div class=\"elementor-element elementor-element-3610137 elementor-widget elementor-widget-houzez_elementor_section_title\" data-id=\"3610137\" data-element_type=\"widget\" data-widget_type=\"houzez_elementor_section_title.default\">\n\t\t\t\t<div class=\"elementor-widget-container\">\n\t\t\t\t\t            <div class=\"houzez_section_title_wrap section-title-module\">\n                                    <h2 class=\"houzez_section_title\">Villkor och best\u00e4mmelser<\/h2>\n                \n                            <\/div>\n            \t\t\t\t<\/div>\n\t\t\t\t<\/div>\n\t\t<div class=\"elementor-element elementor-element-da82aaa e-con-full e-flex e-con e-child\" data-id=\"da82aaa\" data-element_type=\"container\">\n\t\t\t\t<div class=\"elementor-element elementor-element-c30b55b elementor-widget elementor-widget-text-editor\" data-id=\"c30b55b\" data-element_type=\"widget\" data-widget_type=\"text-editor.default\">\n\t\t\t\t<div class=\"elementor-widget-container\">\n\t\t\t\t\t\t\t\t\t<ol><li><strong>Allm\u00e4n information<\/strong><\/li><\/ol><p>V\u00e4lkommen till <strong>cbm-homes.com<\/strong>, en fastighetskatalogwebbplats som drivs av <strong>COSTA BLANCA MEDITERRANEAN HOMES, SL<\/strong>. Genom att f\u00e5 tillg\u00e5ng till och anv\u00e4nda denna webbplats godk\u00e4nner du att f\u00f6lja dessa <strong>Villkor och best\u00e4mmelser<\/strong>. Om du inte godk\u00e4nner n\u00e5gon av villkoren rekommenderar vi att du avst\u00e5r fr\u00e5n att anv\u00e4nda webbplatsen.<\/p><p><strong>Kontakt-e-post:<\/strong> <a href=\"mailto:sales@cbm-homes.com\">sales@cbm-homes.com<\/a><\/p><ol start=\"2\"><li><strong>Syftet med webbplatsen<\/strong><\/li><\/ol><p>Webbplatsen <strong>cbm-homes.com<\/strong> \u00e4r utformad f\u00f6r att tillhandah\u00e5lla information om tillg\u00e4ngliga fastighetsegendomar.<\/p><p><strong>Till\u00e5ten anv\u00e4ndning<\/strong><\/p><p>Bl\u00e4ddra i fastighetskatalogen, konsultera information och skicka f\u00f6rfr\u00e5gningar f\u00f6r att kontakta en f\u00f6retagsrepresentant.<\/p><p><strong>Begr\u00e4nsningar<\/strong><\/p><p>Denna webbplats till\u00e5ter inte onlinek\u00f6p eller anv\u00e4ndarregistrering.<\/p><ol start=\"3\"><li><strong>Insamling och anv\u00e4ndning av personuppgifter<\/strong><\/li><\/ol><p>Genom att anv\u00e4nda webbplatsens funktioner, s\u00e5som kontaktformul\u00e4r, kan du frivilligt ange f\u00f6ljande uppgifter:<\/p><ul><li><strong>Fullst\u00e4ndigt namn<\/strong><\/li><li><strong>Telefonnummer<\/strong><\/li><li><strong>E-postadress<\/strong><\/li><\/ul><p>Dessa uppgifter kommer att behandlas av <strong>COSTA BLANCA MEDITERRANEAN HOMES, SL<\/strong> i syfte att:<\/p><ul><li>Kontakta dig f\u00f6r att besvara dina f\u00f6rfr\u00e5gningar.<\/li><li>Organisera visningar av fastigheter du \u00e4r intresserad av.<\/li><\/ul><p>F\u00f6r mer information om hur dina personuppgifter hanteras, se v\u00e5r <strong>Integritetspolicy<\/strong>.<\/p><ol start=\"4\"><li><strong>Immateriella r\u00e4ttigheter<\/strong><\/li><\/ol><p>Allt inneh\u00e5ll p\u00e5 denna webbplats, inklusive text, bilder, logotyper och design, \u00e4r skyddat av upphovsr\u00e4tt och andra till\u00e4mpliga lagar.<\/p><p><strong>F\u00f6rbud<\/strong><\/p><p>Det \u00e4r inte till\u00e5tet att kopiera, distribuera, modifiera eller anv\u00e4nda webbplatsens inneh\u00e5ll utan skriftligt tillst\u00e5nd i f\u00f6rv\u00e4g.<\/p><ol start=\"5\"><li><strong>Ansvarsfriskrivning<\/strong><\/li><\/ol><p>Webbplatsen <strong>cbm-homes.com<\/strong> tillhandah\u00e5lls &#8220;i befintligt skick&#8221; utan n\u00e5gra uttryckliga eller underf\u00f6rst\u00e5dda garantier. Vi str\u00e4var efter att tillhandah\u00e5lla korrekt information men garanterar inte att:<\/p><ul><li>Inneh\u00e5llet \u00e4r exakt, fullst\u00e4ndigt eller uppdaterat.<\/li><li>Webbplatsen fungerar utan avbrott eller fel.<\/li><\/ul><ol start=\"6\"><li><strong>Ansvarsbegr\u00e4nsning<\/strong><\/li><\/ol><p><strong>COSTA BLANCA MEDITERRANEAN HOMES, SL<\/strong> ansvarar inte f\u00f6r:<\/p><ul><li>Direkta, indirekta eller tillf\u00e4lliga skador som uppst\u00e5r genom anv\u00e4ndningen av webbplatsen.<\/li><li>Eventuella f\u00f6rluster orsakade av informationen p\u00e5 denna webbplats.<\/li><\/ul><ol start=\"7\"><li><strong>L\u00e4nkar till tredje parter<\/strong><\/li><\/ol><p>Denna webbplats kan inneh\u00e5lla l\u00e4nkar till tredjepartswebbplatser. <strong>COSTA BLANCA MEDITERRANEAN HOMES, SL<\/strong> kontrollerar eller tar inget ansvar f\u00f6r inneh\u00e5llet p\u00e5 dessa webbplatser eller deras integritetspolicyer.<\/p><ol start=\"8\"><li><strong>\u00c4ndringar av villkor och best\u00e4mmelser<\/strong><\/li><\/ol><p>Vi f\u00f6rbeh\u00e5ller oss r\u00e4tten att n\u00e4r som helst \u00e4ndra dessa <strong>Villkor och best\u00e4mmelser<\/strong> f\u00f6r att anpassa oss till juridiska f\u00f6r\u00e4ndringar eller tj\u00e4nstef\u00f6rb\u00e4ttringar. \u00c4ndringar kommer att publiceras p\u00e5 denna webbplats och tr\u00e4der i kraft vid publicering.<\/p><ol start=\"9\"><li><strong>Till\u00e4mplig lag och jurisdiktion<\/strong><\/li><\/ol><p>Dessa <strong>Villkor och best\u00e4mmelser<\/strong> regleras av <strong>spansk lag<\/strong>. Vid eventuella tvister som uppst\u00e5r genom anv\u00e4ndningen av denna webbplats ska parterna underkasta sig <strong>Spaniens domstolar<\/strong>.<\/p><ol start=\"10\"><li><strong>Kontakt<\/strong><\/li><\/ol><p>Om du har n\u00e5gra fr\u00e5gor om dessa <strong>Villkor och best\u00e4mmelser<\/strong>, kan du kontakta oss via e-post p\u00e5: <a href=\"mailto:sales@cbm-homes.com\">sales@cbm-homes.com<\/a><\/p><p><em>Det ursprungliga dokumentet \u00e4r p\u00e5 <strong>spanska<\/strong>, och f\u00f6r juridiska \u00e4ndam\u00e5l har den <strong>spanska versionen f\u00f6retr\u00e4de<\/strong>. <\/em><em>F\u00f6r juridiska fr\u00e5gor, h\u00e4nvisas du till originaldokumentet<\/em><\/p>\t\t\t\t\t\t\t\t<\/div>\n\t\t\t\t<\/div>\n\t\t\t\t<\/div>\n\t\t\t\t\t<\/div>\n\t\t\t\t<\/div>\n\t\t\t\t<\/div>\n\t\t","protected":false},"excerpt":{"rendered":"<p>Villkor och best\u00e4mmelser Allm\u00e4n information V\u00e4lkommen till cbm-homes.com, en fastighetskatalogwebbplats som drivs av COSTA BLANCA MEDITERRANEAN HOMES, SL. Genom att f\u00e5 tillg\u00e5ng till och anv\u00e4nda denna webbplats godk\u00e4nner du att f\u00f6lja dessa Villkor och best\u00e4mmelser. Om du inte godk\u00e4nner n\u00e5gon av villkoren rekommenderar vi att du avst\u00e5r fr\u00e5n att anv\u00e4nda webbplatsen. Kontakt-e-post: sales@cbm-homes.com Syftet med [&hellip;]<\/p>\n","protected":false},"author":1,"featured_media":0,"parent":0,"menu_order":0,"comment_status":"closed","ping_status":"closed","template":"template\/template-homepage.php","meta":{"footnotes":""},"class_list":["post-26896","page","type-page","status-publish","hentry"],"_links":{"self":[{"href":"https:\/\/cbm-homes.com\/sv\/wp-json\/wp\/v2\/pages\/26896","targetHints":{"allow":["GET"]}}],"collection":[{"href":"https:\/\/cbm-homes.com\/sv\/wp-json\/wp\/v2\/pages"}],"about":[{"href":"https:\/\/cbm-homes.com\/sv\/wp-json\/wp\/v2\/types\/page"}],"author":[{"embeddable":true,"href":"https:\/\/cbm-homes.com\/sv\/wp-json\/wp\/v2\/users\/1"}],"replies":[{"embeddable":true,"href":"https:\/\/cbm-homes.com\/sv\/wp-json\/wp\/v2\/comments?post=26896"}],"version-history":[{"count":0,"href":"https:\/\/cbm-homes.com\/sv\/wp-json\/wp\/v2\/pages\/26896\/revisions"}],"wp:attachment":[{"href":"https:\/\/cbm-homes.com\/sv\/wp-json\/wp\/v2\/media?parent=26896"}],"curies":[{"name":"wp","href":"https:\/\/api.w.org\/{rel}","templated":true}]}}