{"id":24801,"date":"2020-03-02T10:27:05","date_gmt":"2020-03-02T09:27:05","guid":{"rendered":"https:\/\/wp.cbm-homes.com\/kontaktpersoner\/"},"modified":"2025-04-02T10:16:03","modified_gmt":"2025-04-02T09:16:03","slug":"kontaktpersoner","status":"publish","type":"page","link":"https:\/\/cbm-homes.com\/sv\/kontaktpersoner\/","title":{"rendered":"Kontaktpersoner"},"content":{"rendered":"\t\t<div data-elementor-type=\"wp-page\" data-elementor-id=\"24801\" class=\"elementor elementor-24801 elementor-16941\">\n\t\t\t\t<div class=\"elementor-element elementor-element-b7c8cb6 e-flex e-con-boxed e-con e-parent\" data-id=\"b7c8cb6\" data-element_type=\"container\" data-settings=\"{&quot;background_background&quot;:&quot;classic&quot;}\">\n\t\t\t\t\t<div class=\"e-con-inner\">\n\t\t\t\t<div class=\"elementor-element elementor-element-ed30f2f elementor-widget elementor-widget-spacer\" data-id=\"ed30f2f\" data-element_type=\"widget\" data-widget_type=\"spacer.default\">\n\t\t\t\t<div class=\"elementor-widget-container\">\n\t\t\t\t\t\t\t<div class=\"elementor-spacer\">\n\t\t\t<div class=\"elementor-spacer-inner\"><\/div>\n\t\t<\/div>\n\t\t\t\t\t\t<\/div>\n\t\t\t\t<\/div>\n\t\t<div class=\"elementor-element elementor-element-62d67e7 e-con-full e-flex e-con e-child\" data-id=\"62d67e7\" data-element_type=\"container\">\n\t\t<div class=\"elementor-element elementor-element-94b6a23 e-grid e-con-full e-con e-child\" data-id=\"94b6a23\" data-element_type=\"container\">\n\t\t<div class=\"elementor-element elementor-element-f66d640 e-con-full e-flex e-con e-child\" data-id=\"f66d640\" data-element_type=\"container\">\n\t\t<div class=\"elementor-element elementor-element-493c285 e-con-full e-flex e-con e-child\" data-id=\"493c285\" data-element_type=\"container\">\n\t\t\t\t<div class=\"elementor-element elementor-element-b6c8014 animated-fast elementor-invisible elementor-widget elementor-widget-heading\" data-id=\"b6c8014\" data-element_type=\"widget\" data-settings=\"{&quot;_animation&quot;:&quot;fadeInUp&quot;,&quot;_animation_delay&quot;:200}\" data-widget_type=\"heading.default\">\n\t\t\t\t<div class=\"elementor-widget-container\">\n\t\t\t\t\t<h2 class=\"elementor-heading-title elementor-size-default\">Kontakta oss<\/h2>\t\t\t\t<\/div>\n\t\t\t\t<\/div>\n\t\t\t\t<div class=\"elementor-element elementor-element-9788f0f animated-fast elementor-invisible elementor-widget elementor-widget-heading\" data-id=\"9788f0f\" data-element_type=\"widget\" data-settings=\"{&quot;_animation&quot;:&quot;fadeInUp&quot;,&quot;_animation_delay&quot;:400}\" data-widget_type=\"heading.default\">\n\t\t\t\t<div class=\"elementor-widget-container\">\n\t\t\t\t\t<h2 class=\"elementor-heading-title elementor-size-default\">Caballero de rodas, 27 Bajo\nTorrevieja, Spanien, 03181<\/h2>\t\t\t\t<\/div>\n\t\t\t\t<\/div>\n\t\t\t\t<div class=\"elementor-element elementor-element-18b9d67 animated-fast elementor-invisible elementor-widget elementor-widget-text-editor\" data-id=\"18b9d67\" data-element_type=\"widget\" data-settings=\"{&quot;_animation&quot;:&quot;fadeInUp&quot;,&quot;_animation_delay&quot;:600}\" data-widget_type=\"text-editor.default\">\n\t\t\t\t<div class=\"elementor-widget-container\">\n\t\t\t\t\t\t\t\t\t<p>Uppt\u00e4ck hur v\u00e5ra fastigheter kan f\u00f6rh\u00f6ja din livsstil. Kontakta oss f\u00f6r mer information eller f\u00f6r att boka en privat visning <\/p>\n\t\t\t\t\t\t\t\t<\/div>\n\t\t\t\t<\/div>\n\t\t\t\t<\/div>\n\t\t<div class=\"elementor-element elementor-element-a2ee9c5 e-con-full e-flex e-con e-child\" data-id=\"a2ee9c5\" data-element_type=\"container\">\n\t\t\t\t<div class=\"elementor-element elementor-element-85f1c47 animated-fast elementor-invisible elementor-widget elementor-widget-heading\" data-id=\"85f1c47\" data-element_type=\"widget\" data-settings=\"{&quot;_animation&quot;:&quot;fadeInUp&quot;}\" data-widget_type=\"heading.default\">\n\t\t\t\t<div class=\"elementor-widget-container\">\n\t\t\t\t\t<h2 class=\"elementor-heading-title elementor-size-default\">E-post &amp; telefon<\/h2>\t\t\t\t<\/div>\n\t\t\t\t<\/div>\n\t\t\t\t<div class=\"elementor-element elementor-element-ef08bf9 animated-fast elementor-icon-list--layout-traditional elementor-list-item-link-full_width elementor-invisible elementor-widget elementor-widget-icon-list\" data-id=\"ef08bf9\" data-element_type=\"widget\" id=\"call-button-track\" data-settings=\"{&quot;_animation&quot;:&quot;fadeInUp&quot;,&quot;_animation_delay&quot;:200}\" data-widget_type=\"icon-list.default\">\n\t\t\t\t<div class=\"elementor-widget-container\">\n\t\t\t\t\t\t\t<ul class=\"elementor-icon-list-items\">\n\t\t\t\t\t\t\t<li class=\"elementor-icon-list-item\">\n\t\t\t\t\t\t\t\t\t\t\t<a href=\"mailto:sales@cbm-homes.com\">\n\n\t\t\t\t\t\t\t\t\t\t\t<span class=\"elementor-icon-list-text\">sales@cbm-homes.com<\/span>\n\t\t\t\t\t\t\t\t\t\t\t<\/a>\n\t\t\t\t\t\t\t\t\t<\/li>\n\t\t\t\t\t\t\t\t<li class=\"elementor-icon-list-item\">\n\t\t\t\t\t\t\t\t\t\t\t<a href=\"tel:34623314291\">\n\n\t\t\t\t\t\t\t\t\t\t\t<span class=\"elementor-icon-list-text\">(+34) 623 314 291<\/span>\n\t\t\t\t\t\t\t\t\t\t\t<\/a>\n\t\t\t\t\t\t\t\t\t<\/li>\n\t\t\t\t\t\t\t\t<li class=\"elementor-icon-list-item\">\n\t\t\t\t\t\t\t\t\t\t\t<a href=\"tel:34865607015\">\n\n\t\t\t\t\t\t\t\t\t\t\t<span class=\"elementor-icon-list-text\">(+34) 865 607 015<\/span>\n\t\t\t\t\t\t\t\t\t\t\t<\/a>\n\t\t\t\t\t\t\t\t\t<\/li>\n\t\t\t\t\t\t<\/ul>\n\t\t\t\t\t\t<\/div>\n\t\t\t\t<\/div>\n\t\t\t\t<\/div>\n\t\t\t\t<\/div>\n\t\t<div class=\"elementor-element elementor-element-6004941 e-con-full e-flex e-con e-child\" data-id=\"6004941\" data-element_type=\"container\">\n\t\t\t\t<div class=\"elementor-element elementor-element-ec3096c animated-fast elementor-button-align-stretch elementor-invisible elementor-widget elementor-widget-houzez_elementor_inquiry_form\" data-id=\"ec3096c\" data-element_type=\"widget\" data-settings=\"{&quot;_animation&quot;:&quot;fadeInRight&quot;,&quot;_animation_delay&quot;:400}\" data-widget_type=\"houzez_elementor_inquiry_form.default\">\n\t\t\t\t<div class=\"elementor-widget-container\">\n\t\t\t\t\t\n        <script type=\"application\/javascript\">\n            jQuery(document).bind(\"ready\", function () {\n                houzezValidateElementor(\"#houzez-form-ec3096c\" );\n            });\n        <\/script>\n\n\n        <form class=\"elementor-form houzez-ele-form-js\" id=\"houzez-form-ec3096c\" method=\"post\" name=\"Nytt formul\u00e4r\" action=\"https:\/\/cbm-homes.com\/wp-admin\/admin-ajax.php\">\n            <input type=\"hidden\" name=\"form_id\" value=\"ec3096c\"\/>\n            <input type=\"hidden\" name=\"action\" value=\"houzez_ele_inquiry_form\" \/>\n            <input type=\"hidden\" name=\"source_link\" value=\"https:\/\/cbm-homes.com\/sv\/kontaktpersoner\/\" \/>\n            <input type=\"hidden\" name=\"lead_page_id\" value=\"24801\" \/>\n            <input type=\"hidden\" name=\"is_estimation\" value=\"yes\" \/>\n            <input type=\"hidden\" name=\"webhook\" value=\"false\" \/>\n            <input type=\"hidden\" name=\"webhook_url\" value=\"\" \/>\n            <input type=\"hidden\" name=\"redirect_to\" value=\"https:\/\/cbm-homes.com\/sv\/tack-for-att-du-kontaktade-oss-2\/\" \/>\n            <input type=\"hidden\" name=\"google_recaptcha\" value=\"yes\" \/>\n\n            <div class=\"elementor-form-fields-wrapper elementor-labels-above\">\n\n                                    <div class=\"elementor-field-group elementor-column form-group elementor-field-group-cc6b92f elementor-col-50 elementor-field-required\">\n                    <input type=\"text\" name=\"first_name\" id=\"form-field-cc6b92f\" class=\"elementor-field form-control elementor-size-md elementor-field-textual\" placeholder=\"F\u00f6rnamn\" title=\"* F\u00f6rnamn\" required=\"required\">                    <\/div>\n\n                                        <div class=\"elementor-field-group elementor-column form-group elementor-field-group-3cc124e elementor-col-50\">\n                    <input type=\"text\" name=\"last_name\" id=\"form-field-3cc124e\" class=\"elementor-field form-control elementor-size-md elementor-field-textual\" placeholder=\"Efternamn\" title=\"* Efternamn\">                    <\/div>\n\n                                        <div class=\"elementor-field-group elementor-column form-group elementor-field-group-7ce543d elementor-col-100 elementor-field-required\">\n                    <input type=\"text\" name=\"mobile\" id=\"form-field-7ce543d\" class=\"elementor-field form-control elementor-size-md elementor-field-textual\" placeholder=\"Telefon\" title=\"* Telefon\" required=\"required\">                    <\/div>\n\n                                        <div class=\"elementor-field-group elementor-column form-group elementor-field-group-932d82c elementor-col-100 elementor-field-required\">\n                    <input type=\"email\" name=\"email\" id=\"form-field-932d82c\" class=\"elementor-field form-control elementor-size-md elementor-field-textual\" placeholder=\"E-postadress\" title=\"* E-postadress\" required=\"required\">                    <\/div>\n\n                                        <div class=\"elementor-field-group elementor-column form-group elementor-field-group-58567f3 elementor-col-100\">\n                    <textarea class=\"elementor-field-textual elementor-field elementor-size-md\" name=\"message\" id=\"form-field-58567f3\" rows=\"4\" placeholder=\"Meddelande\"><\/textarea>                    <\/div>\n\n                    \n                    \n                                        <div class=\"houzez-gdpr-agreement elementor-field-group elementor-col-100\">\n                        <label for=\"gdpr_agreement\" class=\"elementor-field-label\">GDPR-avtal<\/label>\n                        <div class=\"gdpr-agreement-subgroup\">\n                            <span class=\"gdpr-field-option\">\n                                <label class=\"gdpr-text\" for=\"gdpr_agreement\">\n                                    <input required type=\"checkbox\" title=\"* GDPR-avtal\" name=\"gdpr_agreement\" id=\"gdpr_agreement\">  Jag samtycker till att denna webbplats lagrar min inl\u00e4mnade information. Detaljerad information i <a href=\"https:\/\/cbm-homes.com\/privacy\/\">Integritetspolicy<\/a>                                 <\/label>\n                            <\/span>\n                        <\/div>             \n                    <\/div>\n                    \n                                        <div class=\"elementor-field-group \">\n                        <div class=\"form-group captcha_wrapper houzez-grecaptcha-v2\">\n    <div class=\"houzez_google_reCaptcha\"><\/div>\n<\/div>\n                    <\/div>\n                    \n                    <div class=\"elementor-field-group elementor-column elementor-field-type-submit elementor-col-100\">\n                    <button type=\"submit\" class=\"houzez-submit-button houzez-contact-form-js elementor-button elementor-size-md\">\n                        <i class=\"btn-loader houzez-loader-js\"><\/i>\n                                                    Skicka in                                            <\/button>\n                <\/div>\n            <\/div><!-- End wrapper-->\n            <br\/>\n            <div class=\"ele-form-messages\"><\/div>\n            <div class=\"error-container\"><\/div>\n\n        <\/form>\n\n    \t\t\t\t<\/div>\n\t\t\t\t<\/div>\n\t\t\t\t<\/div>\n\t\t\t\t<\/div>\n\t\t\t\t<\/div>\n\t\t\t\t<div class=\"elementor-element elementor-element-fcb54ae elementor-widget elementor-widget-spacer\" data-id=\"fcb54ae\" data-element_type=\"widget\" data-widget_type=\"spacer.default\">\n\t\t\t\t<div class=\"elementor-widget-container\">\n\t\t\t\t\t\t\t<div class=\"elementor-spacer\">\n\t\t\t<div class=\"elementor-spacer-inner\"><\/div>\n\t\t<\/div>\n\t\t\t\t\t\t<\/div>\n\t\t\t\t<\/div>\n\t\t\t\t\t<\/div>\n\t\t\t\t<\/div>\n\t\t\t\t<\/div>\n\t\t","protected":false},"excerpt":{"rendered":"<p>Kontakta oss Caballero de rodas, 27 Bajo Torrevieja, Spanien, 03181 Uppt\u00e4ck hur v\u00e5ra fastigheter kan f\u00f6rh\u00f6ja din livsstil. Kontakta oss f\u00f6r mer information eller f\u00f6r att boka en privat visning E-post &amp; telefon sales@cbm-homes.com (+34) 623 314 291 (+34) 865 607 015 GDPR-avtal Jag samtycker till att denna webbplats lagrar min inl\u00e4mnade information. Detaljerad information [&hellip;]<\/p>\n","protected":false},"author":1,"featured_media":0,"parent":0,"menu_order":0,"comment_status":"closed","ping_status":"closed","template":"template\/template-homepage.php","meta":{"footnotes":""},"class_list":["post-24801","page","type-page","status-publish","hentry"],"_links":{"self":[{"href":"https:\/\/cbm-homes.com\/sv\/wp-json\/wp\/v2\/pages\/24801","targetHints":{"allow":["GET"]}}],"collection":[{"href":"https:\/\/cbm-homes.com\/sv\/wp-json\/wp\/v2\/pages"}],"about":[{"href":"https:\/\/cbm-homes.com\/sv\/wp-json\/wp\/v2\/types\/page"}],"author":[{"embeddable":true,"href":"https:\/\/cbm-homes.com\/sv\/wp-json\/wp\/v2\/users\/1"}],"replies":[{"embeddable":true,"href":"https:\/\/cbm-homes.com\/sv\/wp-json\/wp\/v2\/comments?post=24801"}],"version-history":[{"count":0,"href":"https:\/\/cbm-homes.com\/sv\/wp-json\/wp\/v2\/pages\/24801\/revisions"}],"wp:attachment":[{"href":"https:\/\/cbm-homes.com\/sv\/wp-json\/wp\/v2\/media?parent=24801"}],"curies":[{"name":"wp","href":"https:\/\/api.w.org\/{rel}","templated":true}]}}