{"id":19801,"date":"2016-03-10T18:51:46","date_gmt":"2016-03-10T17:51:46","guid":{"rendered":"https:\/\/wp.cbm-homes.com\/terms-and-conditions\/"},"modified":"2025-02-18T16:18:13","modified_gmt":"2025-02-18T15:18:13","slug":"terms-and-conditions","status":"publish","type":"page","link":"https:\/\/cbm-homes.com\/es\/terms-and-conditions\/","title":{"rendered":"T\u00e9rminos y Condiciones"},"content":{"rendered":"\t\t<div data-elementor-type=\"wp-page\" data-elementor-id=\"19801\" class=\"elementor elementor-19801 elementor-745\">\n\t\t\t\t<div class=\"elementor-element elementor-element-8d7b001 e-flex e-con-boxed e-con e-parent\" data-id=\"8d7b001\" data-element_type=\"container\">\n\t\t\t\t\t<div class=\"e-con-inner\">\n\t\t\t\t<div class=\"elementor-element elementor-element-3610137 elementor-widget elementor-widget-houzez_elementor_section_title\" data-id=\"3610137\" data-element_type=\"widget\" data-widget_type=\"houzez_elementor_section_title.default\">\n\t\t\t\t<div class=\"elementor-widget-container\">\n\t\t\t\t\t            <div class=\"houzez_section_title_wrap section-title-module\">\n                                    <h2 class=\"houzez_section_title\">T\u00e9rminos y Condiciones <\/h2>\n                \n                            <\/div>\n            \t\t\t\t<\/div>\n\t\t\t\t<\/div>\n\t\t<div class=\"elementor-element elementor-element-da82aaa e-con-full e-flex e-con e-child\" data-id=\"da82aaa\" data-element_type=\"container\">\n\t\t\t\t<div class=\"elementor-element elementor-element-c30b55b elementor-widget elementor-widget-text-editor\" data-id=\"c30b55b\" data-element_type=\"widget\" data-widget_type=\"text-editor.default\">\n\t\t\t\t<div class=\"elementor-widget-container\">\n\t\t\t\t\t\t\t\t\t<ol><li><strong> Informaci\u00f3n General<\/strong><\/li><\/ol><p>Bienvenido a cbm-homes.com, un sitio web de cat\u00e1logo de propiedades inmobiliarias gestionado por <strong>COSTA BLANCA MEDITERRANEAN HOMES, SL<\/strong>. Al acceder y utilizar este sitio web, usted acepta cumplir con estos T\u00e9rminos y Condiciones. Si no est\u00e1 de acuerdo con alguno de los t\u00e9rminos, le recomendamos no utilizar este sitio.<\/p><p>Correo electr\u00f3nico de contacto: <a href=\"mailto:sales@cbm-homes.com\">sales@cbm-homes.com<\/a><\/p><ol start=\"2\"><li><strong> Objeto del Sitio Web<\/strong><\/li><\/ol><p>El sitio web cbm-homes.com est\u00e1 dise\u00f1ado para proporcionar informaci\u00f3n sobre propiedades inmobiliarias disponibles.<\/p><ul><li><strong>Uso permitido:<\/strong> Navegar por las propiedades en el cat\u00e1logo, consultar informaci\u00f3n y enviar solicitudes para contactar con un representante de la empresa.<\/li><li><strong>Restricciones:<\/strong> Este sitio no permite realizar compras en l\u00ednea ni registrar usuarios.<\/li><\/ul><ol start=\"3\"><li><strong> Recopilaci\u00f3n y Uso de Datos Personales<\/strong><\/li><\/ol><p>Al utilizar las funcionalidades del sitio web, como formularios de contacto, usted puede proporcionar voluntariamente los siguientes datos:<\/p><ul><li>Nombre y apellidos<\/li><li>N\u00famero de tel\u00e9fono<\/li><li>Correo electr\u00f3nico<\/li><\/ul><p>Estos datos ser\u00e1n tratados por <strong>COSTA BLANCA MEDITERRANEAN HOMES, SL<\/strong>\u00a0con la finalidad de:<\/p><ul><li>Contactarle para responder a sus solicitudes.<\/li><li>Organizar visitas a las propiedades inmobiliarias de su inter\u00e9s.<\/li><\/ul><p>Para m\u00e1s informaci\u00f3n sobre el tratamiento de sus datos personales, consulte nuestra <a href=\"https:\/\/cbm-homes.com\/es\/privacy\/\">Pol\u00edtica de Privacidad<\/a>.<\/p><ol start=\"4\"><li><strong> Propiedad Intelectual<\/strong><\/li><\/ol><p>Todo el contenido de este sitio web, incluyendo textos, im\u00e1genes, logotipos, y dise\u00f1o, est\u00e1 protegido por derechos de autor y otras leyes aplicables.<\/p><ul><li><strong>Prohibiciones:<\/strong> No est\u00e1 permitido copiar, distribuir, modificar o utilizar el contenido del sitio sin autorizaci\u00f3n previa escrita.<\/li><\/ul><ol start=\"5\"><li><strong> Exclusi\u00f3n de Garant\u00edas<\/strong><\/li><\/ol><p>El sitio cbm-homes.com se proporciona &#8220;tal cual&#8221; sin ninguna garant\u00eda expresa o impl\u00edcita. Aunque hacemos esfuerzos razonables para asegurar la precisi\u00f3n de la informaci\u00f3n publicada, no garantizamos que:<\/p><ul><li>El contenido sea exacto, completo o actualizado.<\/li><li>El sitio funcione sin interrupciones o errores.<\/li><\/ul><ol start=\"6\"><li><strong> Limitaci\u00f3n de Responsabilidad<\/strong><\/li><\/ol><p><strong>COSTA BLANCA MEDITERRANEAN HOMES, SL<\/strong> no ser\u00e1 responsable de:<\/p><ul><li>Da\u00f1os directos, indirectos o incidentales derivados del uso del sitio web.<\/li><li>Cualquier p\u00e9rdida causada por la informaci\u00f3n proporcionada en este sitio.<\/li><\/ul><ol start=\"7\"><li><strong> Enlaces a Terceros<\/strong><\/li><\/ol><p>Este sitio puede contener enlaces a sitios web de terceros. <strong>COSTA BLANCA MEDITERRANEAN HOMES, SL<\/strong>\u00a0no controla ni es responsable del contenido de esos sitios ni de sus pol\u00edticas de privacidad.<\/p><ol start=\"8\"><li><strong> Cambios en los T\u00e9rminos y Condiciones<\/strong><\/li><\/ol><p>Nos reservamos el derecho de modificar estos T\u00e9rminos y Condiciones en cualquier momento para adaptarlos a cambios legales o mejoras en el servicio. Las modificaciones ser\u00e1n publicadas en este sitio web y entrar\u00e1n en vigor desde su publicaci\u00f3n.<\/p><h4>9. Ley Aplicable y Jurisdicci\u00f3n<\/h4><p>Estos T\u00e9rminos y Condiciones se rigen por la legislaci\u00f3n espa\u00f1ola. Para cualquier disputa derivada del uso de este sitio web, las partes se someter\u00e1n a los tribunales de Espa\u00f1a.<\/p><h4>10. Contacto<\/h4><p>Si tiene preguntas sobre estos T\u00e9rminos y Condiciones, puede contactarnos a trav\u00e9s de nuestro correo electr\u00f3nico: <a href=\"mailto:sales@cbm-homes.com\">sales@cbm-homes.com<\/a><\/p>\t\t\t\t\t\t\t\t<\/div>\n\t\t\t\t<\/div>\n\t\t\t\t<\/div>\n\t\t\t\t\t<\/div>\n\t\t\t\t<\/div>\n\t\t\t\t<\/div>\n\t\t","protected":false},"excerpt":{"rendered":"<p>T\u00e9rminos y Condiciones Informaci\u00f3n General Bienvenido a cbm-homes.com, un sitio web de cat\u00e1logo de propiedades inmobiliarias gestionado por COSTA BLANCA MEDITERRANEAN HOMES, SL. Al acceder y utilizar este sitio web, usted acepta cumplir con estos T\u00e9rminos y Condiciones. Si no est\u00e1 de acuerdo con alguno de los t\u00e9rminos, le recomendamos no utilizar este sitio. Correo [&hellip;]<\/p>\n","protected":false},"author":1,"featured_media":0,"parent":0,"menu_order":0,"comment_status":"closed","ping_status":"closed","template":"template\/template-homepage.php","meta":{"footnotes":""},"class_list":["post-19801","page","type-page","status-publish","hentry"],"_links":{"self":[{"href":"https:\/\/cbm-homes.com\/es\/wp-json\/wp\/v2\/pages\/19801","targetHints":{"allow":["GET"]}}],"collection":[{"href":"https:\/\/cbm-homes.com\/es\/wp-json\/wp\/v2\/pages"}],"about":[{"href":"https:\/\/cbm-homes.com\/es\/wp-json\/wp\/v2\/types\/page"}],"author":[{"embeddable":true,"href":"https:\/\/cbm-homes.com\/es\/wp-json\/wp\/v2\/users\/1"}],"replies":[{"embeddable":true,"href":"https:\/\/cbm-homes.com\/es\/wp-json\/wp\/v2\/comments?post=19801"}],"version-history":[{"count":0,"href":"https:\/\/cbm-homes.com\/es\/wp-json\/wp\/v2\/pages\/19801\/revisions"}],"wp:attachment":[{"href":"https:\/\/cbm-homes.com\/es\/wp-json\/wp\/v2\/media?parent=19801"}],"curies":[{"name":"wp","href":"https:\/\/api.w.org\/{rel}","templated":true}]}}